{"id":13297,"date":"2025-06-25T10:41:55","date_gmt":"2025-06-25T10:41:55","guid":{"rendered":"https:\/\/elite.ba-staging.com\/login\/"},"modified":"2026-02-02T10:49:34","modified_gmt":"2026-02-02T10:49:34","slug":"connexion-portail","status":"publish","type":"page","link":"https:\/\/elite.ba-staging.com\/fr\/connexion-portail\/","title":{"rendered":"Connexion"},"content":{"rendered":"<p>[et_pb_section fb_built=\u00a0\u00bb1&Prime; _builder_version=\u00a0\u00bb4.27.4&Prime; _module_preset=\u00a0\u00bbdefault\u00a0\u00bb custom_padding=\u00a0\u00bb||||false|false\u00a0\u00bb da_disable_devices=\u00a0\u00bboff|off|off\u00a0\u00bb locked=\u00a0\u00bboff\u00a0\u00bb global_colors_info=\u00a0\u00bb{}\u00a0\u00bb da_is_popup=\u00a0\u00bboff\u00a0\u00bb da_exit_intent=\u00a0\u00bboff\u00a0\u00bb da_has_close=\u00a0\u00bbon\u00a0\u00bb da_alt_close=\u00a0\u00bboff\u00a0\u00bb da_dark_close=\u00a0\u00bboff\u00a0\u00bb da_not_modal=\u00a0\u00bbon\u00a0\u00bb da_is_singular=\u00a0\u00bboff\u00a0\u00bb da_with_loader=\u00a0\u00bboff\u00a0\u00bb da_has_shadow=\u00a0\u00bbon\u00a0\u00bb][et_pb_row column_structure=\u00a0\u00bb1_2,1_2&Prime; use_custom_gutter=\u00a0\u00bbon\u00a0\u00bb gutter_width=\u00a0\u00bb1&Prime; make_equal=\u00a0\u00bbon\u00a0\u00bb _builder_version=\u00a0\u00bb4.27.4&Prime; _module_preset=\u00a0\u00bbdefault\u00a0\u00bb background_color=\u00a0\u00bb#f6f7f9&Prime; custom_padding=\u00a0\u00bb0px||0px||true|false\u00a0\u00bb border_radii=\u00a0\u00bbon|0.5rem|0.5rem|0.5rem|0.5rem\u00a0\u00bb global_colors_info=\u00a0\u00bb{}\u00a0\u00bb][et_pb_column type=\u00a0\u00bb1_2&Prime; _builder_version=\u00a0\u00bb4.27.4&Prime; _module_preset=\u00a0\u00bbdefault\u00a0\u00bb background_enable_color=\u00a0\u00bboff\u00a0\u00bb custom_padding=\u00a0\u00bb50px|50px|50px|50px|true|true\u00a0\u00bb global_colors_info=\u00a0\u00bb{}\u00a0\u00bb][et_pb_icon font_icon=\u00a0\u00bb&#xf007;||fa||400&Prime; icon_color=\u00a0\u00bbgcid-06a8b16f-c6d3-481d-b889-52eec66e31a2&Prime; icon_width=\u00a0\u00bb44px\u00a0\u00bb _builder_version=\u00a0\u00bb4.27.4&Prime; _module_preset=\u00a0\u00bbdefault\u00a0\u00bb background_color=\u00a0\u00bb#FFFFFF\u00a0\u00bb custom_padding=\u00a0\u00bb30px|30px|30px|30px|true|true\u00a0\u00bb custom_css_free_form=\u00a0\u00bbselector span.et_pb_icon_wrap {||    border-radius: 100px;||}\u00a0\u00bb global_colors_info=\u00a0\u00bb{%22gcid-06a8b16f-c6d3-481d-b889-52eec66e31a2%22:%91%22icon_color%22%93}\u00a0\u00bb][\/et_pb_icon][et_pb_heading title=\u00a0\u00bbConnexion membre\u00a0\u00bb _builder_version=\u00a0\u00bb4.27.4&Prime; _module_preset=\u00a0\u00bbdefault\u00a0\u00bb title_text_align=\u00a0\u00bbcenter\u00a0\u00bb title_font_size=\u00a0\u00bb44px\u00a0\u00bb custom_margin=\u00a0\u00bb30px||||false|false\u00a0\u00bb hover_enabled=\u00a0\u00bb0&Prime; global_colors_info=\u00a0\u00bb{}\u00a0\u00bb title_font_size_last_edited=\u00a0\u00bbon|phone\u00a0\u00bb sticky_enabled=\u00a0\u00bb0&Prime; title_font_size_tablet=\u00a0\u00bb40px\u00a0\u00bb title_font_size_phone=\u00a0\u00bb35px\u00a0\u00bb][\/et_pb_heading][et_pb_login _builder_version=\u00a0\u00bb4.27.4&Prime; _module_preset=\u00a0\u00bbdefault\u00a0\u00bb body_link_text_color=\u00a0\u00bbgcid-06a8b16f-c6d3-481d-b889-52eec66e31a2&Prime; background_enable_color=\u00a0\u00bboff\u00a0\u00bb custom_button=\u00a0\u00bbon\u00a0\u00bb button_text_color=\u00a0\u00bb#FFFFFF\u00a0\u00bb button_bg_color=\u00a0\u00bbgcid-primary-color\u00a0\u00bb button_border_width=\u00a0\u00bb0px\u00a0\u00bb button_use_icon=\u00a0\u00bboff\u00a0\u00bb button_custom_padding=\u00a0\u00bb17px|48px|17px|48px|true|true\u00a0\u00bb hover_enabled=\u00a0\u00bb0&Prime; dbdb_custom_redirect_url=\u00a0\u00bbhttps:\/\/elite.ba-staging.com\/equipment-manager-portal\/\u00a0\u00bb border_width_all_fields=\u00a0\u00bb1px\u00a0\u00bb border_color_all_fields=\u00a0\u00bbrgba(0,0,0,0.08)\u00a0\u00bb global_colors_info=\u00a0\u00bb{%22gcid-primary-color%22:%91%22button_bg_color%22,%22button_bg_color%22%93,%22gcid-06a8b16f-c6d3-481d-b889-52eec66e31a2%22:%91%22body_link_text_color%22%93}\u00a0\u00bb button_custom_padding_last_edited=\u00a0\u00bbon|phone\u00a0\u00bb sticky_enabled=\u00a0\u00bb0&Prime; button_custom_padding_phone=\u00a0\u00bb|40px||40px|true|true\u00a0\u00bb button_custom_padding_tablet=\u00a0\u00bb17px|48px|17px|48px|true|true\u00a0\u00bb][\/et_pb_login][\/et_pb_column][et_pb_column type=\u00a0\u00bb1_2&Prime; disabled_on=\u00a0\u00bbon|on|off\u00a0\u00bb _builder_version=\u00a0\u00bb4.27.4&Prime; _module_preset=\u00a0\u00bbdefault\u00a0\u00bb background_color=\u00a0\u00bbgcid-a19f086f-d3fc-46af-ba18-9a2c1882d156&Prime; background_image=\u00a0\u00bbhttps:\/\/elite.ba-staging.com\/wp-content\/uploads\/2025\/05\/image-12.png\u00a0\u00bb global_colors_info=\u00a0\u00bb{%22gcid-a19f086f-d3fc-46af-ba18-9a2c1882d156%22:%91%22background_color%22%93}\u00a0\u00bb][\/et_pb_column][\/et_pb_row][\/et_pb_section]<\/p>\n","protected":false},"excerpt":{"rendered":"","protected":false},"author":2,"featured_media":13672,"parent":0,"menu_order":0,"comment_status":"closed","ping_status":"closed","template":"","meta":{"_acf_changed":false,"_et_pb_use_builder":"on","_et_pb_old_content":"","_et_gb_content_width":"","footnotes":""},"class_list":["post-13297","page","type-page","status-publish","has-post-thumbnail","hentry"],"acf":[],"yoast_head":"<!-- This site is optimized with the Yoast SEO plugin v26.8 - https:\/\/yoast.com\/product\/yoast-seo-wordpress\/ -->\n<title>Portail Elite | Connexion \u00c9quipes Pro &amp; D\u00e9taillants<\/title>\n<meta name=\"description\" content=\"Connexion au Portail Elite pour \u00e9quipes pro et d\u00e9taillants. Acc\u00e9dez aux outils et ressources pour aiguiseurs et profilers.\" \/>\n<meta name=\"robots\" content=\"index, follow, max-snippet:-1, max-image-preview:large, max-video-preview:-1\" \/>\n<link rel=\"canonical\" href=\"https:\/\/elite.ba-staging.com\/login\/\" \/>\n<meta property=\"og:locale\" content=\"fr_FR\" \/>\n<meta property=\"og:type\" content=\"article\" \/>\n<meta property=\"og:title\" content=\"Portail Elite | Connexion \u00c9quipes Pro &amp; D\u00e9taillants\" \/>\n<meta property=\"og:description\" content=\"Connexion au Portail Elite pour \u00e9quipes pro et d\u00e9taillants. Acc\u00e9dez aux outils et ressources pour aiguiseurs et profilers.\" \/>\n<meta property=\"og:url\" content=\"https:\/\/elite.ba-staging.com\/login\/\" \/>\n<meta property=\"og:site_name\" content=\"Elite Blade Performance\" \/>\n<meta property=\"article:publisher\" content=\"https:\/\/www.facebook.com\/EliteBladePerformanceTech\/\" \/>\n<meta property=\"article:modified_time\" content=\"2026-02-02T10:49:34+00:00\" \/>\n<meta property=\"og:image\" content=\"https:\/\/elite.ba-staging.com\/wp-content\/uploads\/2025\/12\/Elite-Symbol.png\" \/>\n\t<meta property=\"og:image:width\" content=\"500\" \/>\n\t<meta property=\"og:image:height\" content=\"500\" \/>\n\t<meta property=\"og:image:type\" content=\"image\/png\" \/>\n<meta name=\"twitter:card\" content=\"summary_large_image\" \/>\n<meta name=\"twitter:label1\" content=\"Dur\u00e9e de lecture estim\u00e9e\" \/>\n\t<meta name=\"twitter:data1\" content=\"1 minute\" \/>\n<script type=\"application\/ld+json\" class=\"yoast-schema-graph\">{\"@context\":\"https:\/\/schema.org\",\"@graph\":[{\"@type\":\"WebPage\",\"@id\":\"https:\/\/elite.ba-staging.com\/login\/\",\"url\":\"https:\/\/elite.ba-staging.com\/login\/\",\"name\":\"Portail Elite | Connexion \u00c9quipes Pro & D\u00e9taillants\",\"isPartOf\":{\"@id\":\"https:\/\/elite.ba-staging.com\/#website\"},\"primaryImageOfPage\":{\"@id\":\"https:\/\/elite.ba-staging.com\/login\/#primaryimage\"},\"image\":{\"@id\":\"https:\/\/elite.ba-staging.com\/login\/#primaryimage\"},\"thumbnailUrl\":\"https:\/\/elite.ba-staging.com\/wp-content\/uploads\/2025\/12\/Elite-Symbol.png\",\"datePublished\":\"2025-06-25T10:41:55+00:00\",\"dateModified\":\"2026-02-02T10:49:34+00:00\",\"description\":\"Connexion au Portail Elite pour \u00e9quipes pro et d\u00e9taillants. Acc\u00e9dez aux outils et ressources pour aiguiseurs et profilers.\",\"breadcrumb\":{\"@id\":\"https:\/\/elite.ba-staging.com\/login\/#breadcrumb\"},\"inLanguage\":\"fr-FR\",\"potentialAction\":[{\"@type\":\"ReadAction\",\"target\":[\"https:\/\/elite.ba-staging.com\/login\/\"]}]},{\"@type\":\"ImageObject\",\"inLanguage\":\"fr-FR\",\"@id\":\"https:\/\/elite.ba-staging.com\/login\/#primaryimage\",\"url\":\"https:\/\/elite.ba-staging.com\/wp-content\/uploads\/2025\/12\/Elite-Symbol.png\",\"contentUrl\":\"https:\/\/elite.ba-staging.com\/wp-content\/uploads\/2025\/12\/Elite-Symbol.png\",\"width\":500,\"height\":500},{\"@type\":\"BreadcrumbList\",\"@id\":\"https:\/\/elite.ba-staging.com\/login\/#breadcrumb\",\"itemListElement\":[{\"@type\":\"ListItem\",\"position\":1,\"name\":\"Home\",\"item\":\"https:\/\/elite.ba-staging.com\/fr\/\"},{\"@type\":\"ListItem\",\"position\":2,\"name\":\"Connexion\"}]},{\"@type\":\"WebSite\",\"@id\":\"https:\/\/elite.ba-staging.com\/#website\",\"url\":\"https:\/\/elite.ba-staging.com\/\",\"name\":\"Elite Blade Performance\",\"description\":\"How The Best Play Better\",\"publisher\":{\"@id\":\"https:\/\/elite.ba-staging.com\/#organization\"},\"potentialAction\":[{\"@type\":\"SearchAction\",\"target\":{\"@type\":\"EntryPoint\",\"urlTemplate\":\"https:\/\/elite.ba-staging.com\/?s={search_term_string}\"},\"query-input\":{\"@type\":\"PropertyValueSpecification\",\"valueRequired\":true,\"valueName\":\"search_term_string\"}}],\"inLanguage\":\"fr-FR\"},{\"@type\":\"Organization\",\"@id\":\"https:\/\/elite.ba-staging.com\/#organization\",\"name\":\"Elite Blade Performance\",\"url\":\"https:\/\/elite.ba-staging.com\/\",\"logo\":{\"@type\":\"ImageObject\",\"inLanguage\":\"fr-FR\",\"@id\":\"https:\/\/elite.ba-staging.com\/#\/schema\/logo\/image\/\",\"url\":\"https:\/\/elite.ba-staging.com\/wp-content\/uploads\/2025\/06\/elite.png\",\"contentUrl\":\"https:\/\/elite.ba-staging.com\/wp-content\/uploads\/2025\/06\/elite.png\",\"width\":145,\"height\":59,\"caption\":\"Elite Blade Performance\"},\"image\":{\"@id\":\"https:\/\/elite.ba-staging.com\/#\/schema\/logo\/image\/\"},\"sameAs\":[\"https:\/\/www.facebook.com\/EliteBladePerformanceTech\/\",\"https:\/\/www.instagram.com\/elitebladeperformance\/?hl=en\",\"https:\/\/www.youtube.com\/@elitebladeperformancetechn5103\",\"https:\/\/www.linkedin.com\/company\/elite-blade-performance-technology\/\"]}]}<\/script>\n<!-- \/ Yoast SEO plugin. -->","yoast_head_json":{"title":"Portail Elite | Connexion \u00c9quipes Pro & D\u00e9taillants","description":"Connexion au Portail Elite pour \u00e9quipes pro et d\u00e9taillants. Acc\u00e9dez aux outils et ressources pour aiguiseurs et profilers.","robots":{"index":"index","follow":"follow","max-snippet":"max-snippet:-1","max-image-preview":"max-image-preview:large","max-video-preview":"max-video-preview:-1"},"canonical":"https:\/\/elite.ba-staging.com\/login\/","og_locale":"fr_FR","og_type":"article","og_title":"Portail Elite | Connexion \u00c9quipes Pro & D\u00e9taillants","og_description":"Connexion au Portail Elite pour \u00e9quipes pro et d\u00e9taillants. Acc\u00e9dez aux outils et ressources pour aiguiseurs et profilers.","og_url":"https:\/\/elite.ba-staging.com\/login\/","og_site_name":"Elite Blade Performance","article_publisher":"https:\/\/www.facebook.com\/EliteBladePerformanceTech\/","article_modified_time":"2026-02-02T10:49:34+00:00","og_image":[{"width":500,"height":500,"url":"https:\/\/elite.ba-staging.com\/wp-content\/uploads\/2025\/12\/Elite-Symbol.png","type":"image\/png"}],"twitter_card":"summary_large_image","twitter_misc":{"Dur\u00e9e de lecture estim\u00e9e":"1 minute"},"schema":{"@context":"https:\/\/schema.org","@graph":[{"@type":"WebPage","@id":"https:\/\/elite.ba-staging.com\/login\/","url":"https:\/\/elite.ba-staging.com\/login\/","name":"Portail Elite | Connexion \u00c9quipes Pro & D\u00e9taillants","isPartOf":{"@id":"https:\/\/elite.ba-staging.com\/#website"},"primaryImageOfPage":{"@id":"https:\/\/elite.ba-staging.com\/login\/#primaryimage"},"image":{"@id":"https:\/\/elite.ba-staging.com\/login\/#primaryimage"},"thumbnailUrl":"https:\/\/elite.ba-staging.com\/wp-content\/uploads\/2025\/12\/Elite-Symbol.png","datePublished":"2025-06-25T10:41:55+00:00","dateModified":"2026-02-02T10:49:34+00:00","description":"Connexion au Portail Elite pour \u00e9quipes pro et d\u00e9taillants. Acc\u00e9dez aux outils et ressources pour aiguiseurs et profilers.","breadcrumb":{"@id":"https:\/\/elite.ba-staging.com\/login\/#breadcrumb"},"inLanguage":"fr-FR","potentialAction":[{"@type":"ReadAction","target":["https:\/\/elite.ba-staging.com\/login\/"]}]},{"@type":"ImageObject","inLanguage":"fr-FR","@id":"https:\/\/elite.ba-staging.com\/login\/#primaryimage","url":"https:\/\/elite.ba-staging.com\/wp-content\/uploads\/2025\/12\/Elite-Symbol.png","contentUrl":"https:\/\/elite.ba-staging.com\/wp-content\/uploads\/2025\/12\/Elite-Symbol.png","width":500,"height":500},{"@type":"BreadcrumbList","@id":"https:\/\/elite.ba-staging.com\/login\/#breadcrumb","itemListElement":[{"@type":"ListItem","position":1,"name":"Home","item":"https:\/\/elite.ba-staging.com\/fr\/"},{"@type":"ListItem","position":2,"name":"Connexion"}]},{"@type":"WebSite","@id":"https:\/\/elite.ba-staging.com\/#website","url":"https:\/\/elite.ba-staging.com\/","name":"Elite Blade Performance","description":"How The Best Play Better","publisher":{"@id":"https:\/\/elite.ba-staging.com\/#organization"},"potentialAction":[{"@type":"SearchAction","target":{"@type":"EntryPoint","urlTemplate":"https:\/\/elite.ba-staging.com\/?s={search_term_string}"},"query-input":{"@type":"PropertyValueSpecification","valueRequired":true,"valueName":"search_term_string"}}],"inLanguage":"fr-FR"},{"@type":"Organization","@id":"https:\/\/elite.ba-staging.com\/#organization","name":"Elite Blade Performance","url":"https:\/\/elite.ba-staging.com\/","logo":{"@type":"ImageObject","inLanguage":"fr-FR","@id":"https:\/\/elite.ba-staging.com\/#\/schema\/logo\/image\/","url":"https:\/\/elite.ba-staging.com\/wp-content\/uploads\/2025\/06\/elite.png","contentUrl":"https:\/\/elite.ba-staging.com\/wp-content\/uploads\/2025\/06\/elite.png","width":145,"height":59,"caption":"Elite Blade Performance"},"image":{"@id":"https:\/\/elite.ba-staging.com\/#\/schema\/logo\/image\/"},"sameAs":["https:\/\/www.facebook.com\/EliteBladePerformanceTech\/","https:\/\/www.instagram.com\/elitebladeperformance\/?hl=en","https:\/\/www.youtube.com\/@elitebladeperformancetechn5103","https:\/\/www.linkedin.com\/company\/elite-blade-performance-technology\/"]}]}},"_links":{"self":[{"href":"https:\/\/elite.ba-staging.com\/fr\/wp-json\/wp\/v2\/pages\/13297","targetHints":{"allow":["GET"]}}],"collection":[{"href":"https:\/\/elite.ba-staging.com\/fr\/wp-json\/wp\/v2\/pages"}],"about":[{"href":"https:\/\/elite.ba-staging.com\/fr\/wp-json\/wp\/v2\/types\/page"}],"author":[{"embeddable":true,"href":"https:\/\/elite.ba-staging.com\/fr\/wp-json\/wp\/v2\/users\/2"}],"replies":[{"embeddable":true,"href":"https:\/\/elite.ba-staging.com\/fr\/wp-json\/wp\/v2\/comments?post=13297"}],"version-history":[{"count":5,"href":"https:\/\/elite.ba-staging.com\/fr\/wp-json\/wp\/v2\/pages\/13297\/revisions"}],"predecessor-version":[{"id":14766,"href":"https:\/\/elite.ba-staging.com\/fr\/wp-json\/wp\/v2\/pages\/13297\/revisions\/14766"}],"wp:featuredmedia":[{"embeddable":true,"href":"https:\/\/elite.ba-staging.com\/fr\/wp-json\/wp\/v2\/media\/13672"}],"wp:attachment":[{"href":"https:\/\/elite.ba-staging.com\/fr\/wp-json\/wp\/v2\/media?parent=13297"}],"curies":[{"name":"wp","href":"https:\/\/api.w.org\/{rel}","templated":true}]}}